{"id":4161,"date":"2019-12-30T16:40:50","date_gmt":"2019-12-30T16:40:50","guid":{"rendered":"https:\/\/caru.org.uy\/nuevositio\/?page_id=4161"},"modified":"2019-12-30T16:48:20","modified_gmt":"2019-12-30T16:48:20","slug":"acronimos-y-siglas","status":"publish","type":"page","link":"https:\/\/caru.org.uy\/nuevositio\/acronimos-y-siglas\/","title":{"rendered":"Acr\u00f3nimos y siglas"},"content":{"rendered":"\t\t<div data-elementor-type=\"wp-page\" data-elementor-id=\"4161\" class=\"elementor elementor-4161\" data-elementor-post-type=\"page\">\n\t\t\t\t\t\t<section class=\"elementor-section elementor-top-section elementor-element elementor-element-7b51b9f elementor-section-boxed elementor-section-height-default elementor-section-height-default\" data-id=\"7b51b9f\" data-element_type=\"section\" data-e-type=\"section\" data-settings=\"{&quot;jet_parallax_layout_list&quot;:[{&quot;jet_parallax_layout_image&quot;:{&quot;url&quot;:&quot;&quot;,&quot;id&quot;:&quot;&quot;,&quot;size&quot;:&quot;&quot;},&quot;_id&quot;:&quot;7f76916&quot;,&quot;jet_parallax_layout_image_tablet&quot;:{&quot;url&quot;:&quot;&quot;,&quot;id&quot;:&quot;&quot;,&quot;size&quot;:&quot;&quot;},&quot;jet_parallax_layout_image_mobile&quot;:{&quot;url&quot;:&quot;&quot;,&quot;id&quot;:&quot;&quot;,&quot;size&quot;:&quot;&quot;},&quot;jet_parallax_layout_speed&quot;:{&quot;unit&quot;:&quot;%&quot;,&quot;size&quot;:50,&quot;sizes&quot;:[]},&quot;jet_parallax_layout_type&quot;:&quot;scroll&quot;,&quot;jet_parallax_layout_direction&quot;:&quot;1&quot;,&quot;jet_parallax_layout_fx_direction&quot;:null,&quot;jet_parallax_layout_z_index&quot;:&quot;&quot;,&quot;jet_parallax_layout_bg_x&quot;:50,&quot;jet_parallax_layout_bg_y&quot;:50,&quot;jet_parallax_layout_bg_size&quot;:&quot;auto&quot;,&quot;jet_parallax_layout_animation_prop&quot;:&quot;transform&quot;,&quot;jet_parallax_layout_on&quot;:[&quot;desktop&quot;,&quot;tablet&quot;],&quot;jet_parallax_layout_bg_x_tablet&quot;:&quot;&quot;,&quot;jet_parallax_layout_bg_x_mobile&quot;:&quot;&quot;,&quot;jet_parallax_layout_bg_y_tablet&quot;:&quot;&quot;,&quot;jet_parallax_layout_bg_y_mobile&quot;:&quot;&quot;,&quot;jet_parallax_layout_bg_size_tablet&quot;:&quot;&quot;,&quot;jet_parallax_layout_bg_size_mobile&quot;:&quot;&quot;}]}\">\n\t\t\t\t\t\t<div class=\"elementor-container elementor-column-gap-default\">\n\t\t\t\t\t<div class=\"elementor-column elementor-col-100 elementor-top-column elementor-element elementor-element-ba303f3\" data-id=\"ba303f3\" data-element_type=\"column\" data-e-type=\"column\">\n\t\t\t<div class=\"elementor-widget-wrap elementor-element-populated\">\n\t\t\t\t\t\t<div class=\"elementor-element elementor-element-522e40b1 elementor-widget elementor-widget-text-editor\" data-id=\"522e40b1\" data-element_type=\"widget\" data-e-type=\"widget\" data-widget_type=\"text-editor.default\">\n\t\t\t\t<div class=\"elementor-widget-container\">\n\t\t\t\t\t\t\t\t\t\n<p><strong>ACADIA:<\/strong> Universidad de ACADIA (Canad\u00e1)<br \/><strong>ANP:<\/strong> Administraci\u00f3n Nacional de Puertos<br \/><strong>APN:<\/strong> Administraci\u00f3n de Parques Nacionales<br \/><strong>CARP:<\/strong> Comisi\u00f3n Administradora del R\u00edo de la Plata<br \/><strong>CARU:<\/strong> Comisi\u00f3n Administradora del R\u00edo Uruguay<br \/><strong>CDIA:<\/strong> Municipalidad de Concordia<br \/><strong>CENUR LN:<\/strong> Centro Universitario Regional Litoral Norte &#8211; Universidad de la Rep\u00fablica<br \/><strong>CETP:<\/strong> Consejo de Educaci\u00f3n T\u00e9cnico Profesional<br \/><strong>CIC:<\/strong> Comit\u00e9 Intergubernamental Coordinador de la Cuenca del Plata<br \/><strong>CIC:<\/strong> Comisi\u00f3n de Investigaciones Cient\u00edficas de la Provincia de Buenos Aires<br \/><strong>CONAE:<\/strong> Comisi\u00f3n Nacional de Actividades Espacia- les<br \/><strong>COTEPAYCO:<\/strong> Comisi\u00f3n T\u00e9cnica Puente Paysand\u00fa- Col\u00f3n<br \/><strong>CTMFM:<\/strong> Comisi\u00f3n T\u00e9cnica Mixta del Frente Mar\u00edti- mo<br \/><strong>CTMSG:<\/strong> Comisi\u00f3n T\u00e9cnica Mixta de Salto Grande CURE: Centro Universitario Regional Este &#8211; Universi- dad de la Rep\u00fablica<br \/><strong>DINAMA:<\/strong> Direcci\u00f3n Nacional de Medio Ambiente<br \/><strong>DINARA:<\/strong> Direcci\u00f3n Nacional de Recursos Acu\u00e1ticos DNH: Direcci\u00f3n Nacional de Hidrograf\u00eda<br \/><strong>DNVN:<\/strong> Direcci\u00f3n Nacional de V\u00edas Navegables<br \/><strong>IDP:<\/strong> Intendencia Departamental de Paysand\u00fa<br \/><strong>ILPLA:<\/strong> Instituto de Limnolog\u00eda &#8220;Dr. Ra\u00fal A. Ringue- let&#8221;<br \/><strong>INA:<\/strong> Instituto Nacional del Agua<br \/><strong>INAPE &#8211; INIDEP:<\/strong> Instituto Nacional de Pesca &#8211; Instituto Nacional de Investigaci\u00f3n y Desarrollo Pesquero<br \/><strong>LAAI:<\/strong> Laboratorio Anal\u00edtico Agro Industrial<br \/><strong>LATU:<\/strong> Laboratorio Tecnol\u00f3gico del Uruguay <strong><br \/>MACN:<\/strong> Museo Argentino de Ciencias Naturales &#8220;Bernardino Rivadavia&#8221;<br \/><strong>MCBU:<\/strong> Puente Monte Caseros -Bella Uni\u00f3n<br \/><strong>MGAP:<\/strong> Ministerio de Ganader\u00eda, Agricultura y Pesca<br \/><strong>MIRU:<\/strong> Monitoreo Integral del R\u00edo Uruguay MVOTMA: Ministerio de Vivienda, Ordenamiento Territorial y Medio Ambiente<br \/><strong>ODS:<\/strong> Objetivos de Desarrollo Sustentable<br \/><strong>7OSE:<\/strong> Obras Sanitarias del Estado<br \/><strong>PGA:<\/strong> Puente Gral. Artigas<br \/><strong>PIMI:<\/strong> Plan Inicial de Monitoreo Integral<br \/><strong>PLGSM:<\/strong> Puente Libertador General San Mart\u00edn PNA: Prefectura Naval Argentina<br \/><strong>PNN:<\/strong> Prefectura Nacional Naval<br \/><strong>PRFV:<\/strong> Pl\u00e1stico Reforzado Fibra de Vidrio<br \/><strong>PROCON:<\/strong> Programa de Calidad de las Aguas y Control de la Contaminaci\u00f3n del R\u00edo Uruguay<br \/><strong>PV y ET:<\/strong> Programa de Vigilancia y Estado Tr\u00f3fico del R\u00edo Uruguay<br \/><strong>SAGyP:<\/strong> Secretar\u00eda de Agricultura, Ganader\u00eda y Pesca de la Rep\u00fablica Argentina<br \/><strong>SERBA:<\/strong> Servicio de Balizamiento de la Armada <strong><br \/>SHN:<\/strong> Servicio de Hidrograf\u00eda Naval<br \/><strong>SIHN:<\/strong> Servicio de Hidrograf\u00eda Naval de la Armada Argentina<br \/><strong>SOHMA:<\/strong> Servicio de Oceanograf\u00eda, Hidrograf\u00eda y Meteorolog\u00eda de la Armada del Uruguay<br \/><strong>SSPVN:<\/strong> Subsecretar\u00eda de Puertos y Vias Navegables<br \/><strong>SSPVNyMM:<\/strong> Subsecretar\u00eda de Puertos, Vias Navegables y Marina Mercante<br \/><strong>SSPyA-DPGP:<\/strong> Direcci\u00f3n de Planificaci\u00f3n y Gesti\u00f3n de Pesquer\u00edas-Subsecretaria de Pesca y Acuicultura<br \/><strong>SySO:<\/strong> Seguridad y Salud Ocupacional<br \/><strong>UBA:<\/strong> Universidad de Buenos Aires<br \/><strong>UDELAR:<\/strong> Universidad de la Rep\u00fablica<br \/><strong>UE:<\/strong> Comunidad Europea<br \/><strong>UNER:<\/strong> Universidad Nacional de Entre R\u00edos<br \/><strong>UNIV. KONSTANZ:<\/strong> Universidad de Konstanz U<strong>TEC:<\/strong> Universidad Tecnol\u00f3gica del Uruguay<br \/><strong>UTN:<\/strong> Universidad Tecnol\u00f3gica Nacional<br \/><strong>UTU:<\/strong> Universidad del Trabajo del Uruguay<\/p>\n\t\t\t\t\t\t\t\t<\/div>\n\t\t\t\t<\/div>\n\t\t\t\t\t<\/div>\n\t\t<\/div>\n\t\t\t\t\t<\/div>\n\t\t<\/section>\n\t\t\t\t<\/div>\n\t\t","protected":false},"excerpt":{"rendered":"<p>ACADIA: Universidad de ACADIA (Canad\u00e1)ANP: Administraci\u00f3n Nacional de PuertosAPN: Administraci\u00f3n de Parques NacionalesCARP: Comisi\u00f3n Administradora del R\u00edo de la PlataCARU: Comisi\u00f3n Administradora del R\u00edo UruguayCDIA: Municipalidad de ConcordiaCENUR LN: Centro Universitario Regional Litoral Norte &#8211; Universidad de la Rep\u00fablicaCETP: Consejo de Educaci\u00f3n T\u00e9cnico ProfesionalCIC: Comit\u00e9 Intergubernamental Coordinador de la Cuenca del PlataCIC: Comisi\u00f3n de Investigaciones [&hellip;]<\/p>\n","protected":false},"author":1,"featured_media":0,"parent":0,"menu_order":0,"comment_status":"closed","ping_status":"closed","template":"","meta":{"_acf_changed":false,"_joinchat":[],"footnotes":""},"class_list":["post-4161","page","type-page","status-publish","hentry"],"acf":[],"yoast_head":"<!-- This site is optimized with the Yoast SEO plugin v27.3 - https:\/\/yoast.com\/product\/yoast-seo-wordpress\/ -->\n<title>Acr\u00f3nimos y siglas - C.A.R.U.<\/title>\n<meta name=\"robots\" content=\"index, follow, max-snippet:-1, max-image-preview:large, max-video-preview:-1\" \/>\n<link rel=\"canonical\" href=\"https:\/\/caru.org.uy\/nuevositio\/acronimos-y-siglas\/\" \/>\n<meta property=\"og:locale\" content=\"es_ES\" \/>\n<meta property=\"og:type\" content=\"article\" \/>\n<meta property=\"og:title\" content=\"Acr\u00f3nimos y siglas - C.A.R.U.\" \/>\n<meta property=\"og:description\" content=\"ACADIA: Universidad de ACADIA (Canad\u00e1)ANP: Administraci\u00f3n Nacional de PuertosAPN: Administraci\u00f3n de Parques NacionalesCARP: Comisi\u00f3n Administradora del R\u00edo de la PlataCARU: Comisi\u00f3n Administradora del R\u00edo UruguayCDIA: Municipalidad de ConcordiaCENUR LN: Centro Universitario Regional Litoral Norte &#8211; Universidad de la Rep\u00fablicaCETP: Consejo de Educaci\u00f3n T\u00e9cnico ProfesionalCIC: Comit\u00e9 Intergubernamental Coordinador de la Cuenca del PlataCIC: Comisi\u00f3n de Investigaciones [&hellip;]\" \/>\n<meta property=\"og:url\" content=\"https:\/\/caru.org.uy\/nuevositio\/acronimos-y-siglas\/\" \/>\n<meta property=\"og:site_name\" content=\"C.A.R.U.\" \/>\n<meta property=\"article:modified_time\" content=\"2019-12-30T16:48:20+00:00\" \/>\n<meta name=\"twitter:card\" content=\"summary_large_image\" \/>\n<meta name=\"twitter:label1\" content=\"Tiempo de lectura\" \/>\n\t<meta name=\"twitter:data1\" content=\"2 minutos\" \/>\n<script type=\"application\/ld+json\" class=\"yoast-schema-graph\">{\"@context\":\"https:\\\/\\\/schema.org\",\"@graph\":[{\"@type\":\"WebPage\",\"@id\":\"https:\\\/\\\/caru.org.uy\\\/nuevositio\\\/acronimos-y-siglas\\\/\",\"url\":\"https:\\\/\\\/caru.org.uy\\\/nuevositio\\\/acronimos-y-siglas\\\/\",\"name\":\"Acr\u00f3nimos y siglas - C.A.R.U.\",\"isPartOf\":{\"@id\":\"https:\\\/\\\/caru.org.uy\\\/nuevositio\\\/#website\"},\"datePublished\":\"2019-12-30T16:40:50+00:00\",\"dateModified\":\"2019-12-30T16:48:20+00:00\",\"breadcrumb\":{\"@id\":\"https:\\\/\\\/caru.org.uy\\\/nuevositio\\\/acronimos-y-siglas\\\/#breadcrumb\"},\"inLanguage\":\"es\",\"potentialAction\":[{\"@type\":\"ReadAction\",\"target\":[\"https:\\\/\\\/caru.org.uy\\\/nuevositio\\\/acronimos-y-siglas\\\/\"]}]},{\"@type\":\"BreadcrumbList\",\"@id\":\"https:\\\/\\\/caru.org.uy\\\/nuevositio\\\/acronimos-y-siglas\\\/#breadcrumb\",\"itemListElement\":[{\"@type\":\"ListItem\",\"position\":1,\"name\":\"Portada\",\"item\":\"https:\\\/\\\/caru.org.uy\\\/nuevositio\\\/\"},{\"@type\":\"ListItem\",\"position\":2,\"name\":\"Acr\u00f3nimos y siglas\"}]},{\"@type\":\"WebSite\",\"@id\":\"https:\\\/\\\/caru.org.uy\\\/nuevositio\\\/#website\",\"url\":\"https:\\\/\\\/caru.org.uy\\\/nuevositio\\\/\",\"name\":\"C.A.R.U.\",\"description\":\"Comisi\u00f3n Administradora del R\u00edo Uruguay\",\"publisher\":{\"@id\":\"https:\\\/\\\/caru.org.uy\\\/nuevositio\\\/#organization\"},\"potentialAction\":[{\"@type\":\"SearchAction\",\"target\":{\"@type\":\"EntryPoint\",\"urlTemplate\":\"https:\\\/\\\/caru.org.uy\\\/nuevositio\\\/?s={search_term_string}\"},\"query-input\":{\"@type\":\"PropertyValueSpecification\",\"valueRequired\":true,\"valueName\":\"search_term_string\"}}],\"inLanguage\":\"es\"},{\"@type\":\"Organization\",\"@id\":\"https:\\\/\\\/caru.org.uy\\\/nuevositio\\\/#organization\",\"name\":\"C.A.R.U.\",\"url\":\"https:\\\/\\\/caru.org.uy\\\/nuevositio\\\/\",\"logo\":{\"@type\":\"ImageObject\",\"inLanguage\":\"es\",\"@id\":\"https:\\\/\\\/caru.org.uy\\\/nuevositio\\\/#\\\/schema\\\/logo\\\/image\\\/\",\"url\":\"https:\\\/\\\/caru.org.uy\\\/nuevositio\\\/wp-content\\\/uploads\\\/2023\\\/11\\\/logo-nuevo.jpg\",\"contentUrl\":\"https:\\\/\\\/caru.org.uy\\\/nuevositio\\\/wp-content\\\/uploads\\\/2023\\\/11\\\/logo-nuevo.jpg\",\"width\":1,\"height\":1,\"caption\":\"C.A.R.U.\"},\"image\":{\"@id\":\"https:\\\/\\\/caru.org.uy\\\/nuevositio\\\/#\\\/schema\\\/logo\\\/image\\\/\"}}]}<\/script>\n<!-- \/ Yoast SEO plugin. -->","yoast_head_json":{"title":"Acr\u00f3nimos y siglas - C.A.R.U.","robots":{"index":"index","follow":"follow","max-snippet":"max-snippet:-1","max-image-preview":"max-image-preview:large","max-video-preview":"max-video-preview:-1"},"canonical":"https:\/\/caru.org.uy\/nuevositio\/acronimos-y-siglas\/","og_locale":"es_ES","og_type":"article","og_title":"Acr\u00f3nimos y siglas - C.A.R.U.","og_description":"ACADIA: Universidad de ACADIA (Canad\u00e1)ANP: Administraci\u00f3n Nacional de PuertosAPN: Administraci\u00f3n de Parques NacionalesCARP: Comisi\u00f3n Administradora del R\u00edo de la PlataCARU: Comisi\u00f3n Administradora del R\u00edo UruguayCDIA: Municipalidad de ConcordiaCENUR LN: Centro Universitario Regional Litoral Norte &#8211; Universidad de la Rep\u00fablicaCETP: Consejo de Educaci\u00f3n T\u00e9cnico ProfesionalCIC: Comit\u00e9 Intergubernamental Coordinador de la Cuenca del PlataCIC: Comisi\u00f3n de Investigaciones [&hellip;]","og_url":"https:\/\/caru.org.uy\/nuevositio\/acronimos-y-siglas\/","og_site_name":"C.A.R.U.","article_modified_time":"2019-12-30T16:48:20+00:00","twitter_card":"summary_large_image","twitter_misc":{"Tiempo de lectura":"2 minutos"},"schema":{"@context":"https:\/\/schema.org","@graph":[{"@type":"WebPage","@id":"https:\/\/caru.org.uy\/nuevositio\/acronimos-y-siglas\/","url":"https:\/\/caru.org.uy\/nuevositio\/acronimos-y-siglas\/","name":"Acr\u00f3nimos y siglas - C.A.R.U.","isPartOf":{"@id":"https:\/\/caru.org.uy\/nuevositio\/#website"},"datePublished":"2019-12-30T16:40:50+00:00","dateModified":"2019-12-30T16:48:20+00:00","breadcrumb":{"@id":"https:\/\/caru.org.uy\/nuevositio\/acronimos-y-siglas\/#breadcrumb"},"inLanguage":"es","potentialAction":[{"@type":"ReadAction","target":["https:\/\/caru.org.uy\/nuevositio\/acronimos-y-siglas\/"]}]},{"@type":"BreadcrumbList","@id":"https:\/\/caru.org.uy\/nuevositio\/acronimos-y-siglas\/#breadcrumb","itemListElement":[{"@type":"ListItem","position":1,"name":"Portada","item":"https:\/\/caru.org.uy\/nuevositio\/"},{"@type":"ListItem","position":2,"name":"Acr\u00f3nimos y siglas"}]},{"@type":"WebSite","@id":"https:\/\/caru.org.uy\/nuevositio\/#website","url":"https:\/\/caru.org.uy\/nuevositio\/","name":"C.A.R.U.","description":"Comisi\u00f3n Administradora del R\u00edo Uruguay","publisher":{"@id":"https:\/\/caru.org.uy\/nuevositio\/#organization"},"potentialAction":[{"@type":"SearchAction","target":{"@type":"EntryPoint","urlTemplate":"https:\/\/caru.org.uy\/nuevositio\/?s={search_term_string}"},"query-input":{"@type":"PropertyValueSpecification","valueRequired":true,"valueName":"search_term_string"}}],"inLanguage":"es"},{"@type":"Organization","@id":"https:\/\/caru.org.uy\/nuevositio\/#organization","name":"C.A.R.U.","url":"https:\/\/caru.org.uy\/nuevositio\/","logo":{"@type":"ImageObject","inLanguage":"es","@id":"https:\/\/caru.org.uy\/nuevositio\/#\/schema\/logo\/image\/","url":"https:\/\/caru.org.uy\/nuevositio\/wp-content\/uploads\/2023\/11\/logo-nuevo.jpg","contentUrl":"https:\/\/caru.org.uy\/nuevositio\/wp-content\/uploads\/2023\/11\/logo-nuevo.jpg","width":1,"height":1,"caption":"C.A.R.U."},"image":{"@id":"https:\/\/caru.org.uy\/nuevositio\/#\/schema\/logo\/image\/"}}]}},"_links":{"self":[{"href":"https:\/\/caru.org.uy\/nuevositio\/wp-json\/wp\/v2\/pages\/4161","targetHints":{"allow":["GET"]}}],"collection":[{"href":"https:\/\/caru.org.uy\/nuevositio\/wp-json\/wp\/v2\/pages"}],"about":[{"href":"https:\/\/caru.org.uy\/nuevositio\/wp-json\/wp\/v2\/types\/page"}],"author":[{"embeddable":true,"href":"https:\/\/caru.org.uy\/nuevositio\/wp-json\/wp\/v2\/users\/1"}],"replies":[{"embeddable":true,"href":"https:\/\/caru.org.uy\/nuevositio\/wp-json\/wp\/v2\/comments?post=4161"}],"version-history":[{"count":5,"href":"https:\/\/caru.org.uy\/nuevositio\/wp-json\/wp\/v2\/pages\/4161\/revisions"}],"predecessor-version":[{"id":4167,"href":"https:\/\/caru.org.uy\/nuevositio\/wp-json\/wp\/v2\/pages\/4161\/revisions\/4167"}],"wp:attachment":[{"href":"https:\/\/caru.org.uy\/nuevositio\/wp-json\/wp\/v2\/media?parent=4161"}],"curies":[{"name":"wp","href":"https:\/\/api.w.org\/{rel}","templated":true}]}}